{"id":34,"date":"2019-09-09T01:41:38","date_gmt":"2019-09-09T04:41:38","guid":{"rendered":"http:\/\/sergiobertoldi.com\/?page_id=34"},"modified":"2023-04-04T12:01:29","modified_gmt":"2023-04-04T15:01:29","slug":"bertoldi","status":"publish","type":"page","link":"https:\/\/sergiobertoldi.com\/index.php\/bertoldi\/","title":{"rendered":"Bertoldi"},"content":{"rendered":"\r\n<p><strong>S\u00e9rgio Ricardo Bertoldi Aulicino<\/strong>, iniciou sua carreira no Jornalismo, atuando nas \u00e1reas de R\u00e1dio e Televis\u00e3o.<br \/>Para atuar na \u00e1rea, primeiramente foi buscar uma forma\u00e7\u00e3o no curso de qualifica\u00e7\u00e3o profissional de Radialista, setor locu\u00e7\u00e3o plena, no Senac Santos no ano de 1998. Posteriormente, fez o curso de Comunica\u00e7\u00e3o Social com habilita\u00e7\u00e3o em Jornalismo, na Universidade Santa Cec\u00edlia concluindo seus estudos em 2003.<\/p>\r\n\r\n\r\n\r\n<p><strong>Trajet\u00f3ria<\/strong><\/p>\r\n\r\n\r\n\r\n<p>Em <strong>1994<\/strong> iniciou sua carreira no Jornalismo, atuando como rep\u00f3rter na <strong>R\u00e1dio Atl\u00e2ntica 590 AM<\/strong>.<br \/>De <strong>1995<\/strong> \u00e0 <strong>1998<\/strong> trabalhou como Rep\u00f3rter na Empresa <strong>Costa Norte Comunica\u00e7\u00f5es<\/strong> na Cidade de Bertioga- SP &#8211; Exercendo as fun\u00e7\u00f5es de Radialista e Cinegrafista.<br \/>Posteriormente, produziu e apresentou um programa de sua autoria, o programa <strong>Futebol Sport Show<\/strong> na <strong>R\u00e1dio Atl\u00e2ntica<\/strong>, onde tamb\u00e9m atuava fazendo parte da equipe de esporte da emissora, como setorista do Santos, trabalhando ao lado de Profissionais como: <strong>Cledi Oliveira<\/strong> e J<strong>o\u00e3o Guilherme.<\/strong><br \/>Na <strong>R\u00e1dio Cacique AM 1510 Khz<\/strong>, foi setorista do Santos F.C. sob o comando de <strong>Marcelo Gasgon<\/strong> e <strong>Jaime Matias<\/strong>.<br \/>De <strong>1999<\/strong> \u00e0 <strong>2012<\/strong> trabalhou atuando como Rep\u00f3rter e Comentarista em Emissoras de R\u00e1dio na Cidade de Santos\/SP. Reportagens e Coment\u00e1rios nas R\u00e1dios <strong>Cacique AM 1510<\/strong> \/ <strong>R\u00e1dio Atl\u00e2ntica AM 590<\/strong> \/ <strong>R\u00e1dio CBN-Litoral FM 102.1<\/strong> \/ <strong>R\u00e1dio Terra AM 650<\/strong>.<br \/>Em <strong>2013<\/strong> trabalhou como Rep\u00f3rter Setorista no Santos Futebol Clube, pela <strong>R\u00e1dio RBA FM 93.3<\/strong> no <strong>Programa \u201cEsporte por Esporte\u201d<\/strong> sob o comando do Jornalista <strong>Armando Gomes.<\/strong><br \/>De <strong>2013<\/strong> \u00e0 <strong>2014<\/strong> Escreveu diariamente o <strong>Blog do Santos Futebol Clube<\/strong> no\u00a0<strong>Grupo \u201cA Tribuna\u201d<\/strong> no <span style=\"background-color: #ffff00;\"><strong><span style=\"color: #000080;\"><a style=\"color: #000080; background-color: #ffff00;\" href=\"https:\/\/sergiobertoldi.com\/wp-content\/uploads\/2023\/04\/Tribuna-On-line.pdf\" target=\"_blank\" rel=\"noopener\">Tribuna On-line<\/a>\u00a0<\/span><\/strong><\/span> \u00a0 \u00a0<strong>\u00a0<br \/><\/strong>Participou como convidado do Programa &#8220;CBN nos Esportes&#8221; na <strong>R\u00e1dio CBN-Santos<\/strong> <strong>FM 99.7<\/strong><br \/>Trabalhou na equipe que Coordenou a campanha do Candidato Wladimir Mattos, postulante \u00e0 uma cadeira de Vereador na cidade de Santos<br \/>No momento, tem um Blog pr\u00f3prio, \u201c<strong>Blog Sergio Bertoldi&#8221; <\/strong>&#8220;<strong>Aqui \u00e9 Papo Reto<\/strong>\u201d, onde escrevo sobre o dia a dia, jogos, competi\u00e7\u00f5es, e bastidores do Santos Futebol Clube.<br \/>MTb: 42.335\/SP DRT 26010\/SP.<\/p>\r\n","protected":false},"excerpt":{"rendered":"<p>S\u00e9rgio Ricardo Bertoldi Aulicino, iniciou sua carreira no Jornalismo, atuando nas \u00e1reas de R\u00e1dio e Televis\u00e3o.Para atuar na \u00e1rea, primeiramente<\/p>\n","protected":false},"author":2,"featured_media":0,"parent":0,"menu_order":0,"comment_status":"closed","ping_status":"closed","template":"","meta":{"colormag_page_container_layout":"default_layout","colormag_page_sidebar_layout":"default_layout","footnotes":""},"class_list":["post-34","page","type-page","status-publish","hentry"],"jetpack_likes_enabled":true,"jetpack_sharing_enabled":true,"_links":{"self":[{"href":"https:\/\/sergiobertoldi.com\/index.php\/wp-json\/wp\/v2\/pages\/34","targetHints":{"allow":["GET"]}}],"collection":[{"href":"https:\/\/sergiobertoldi.com\/index.php\/wp-json\/wp\/v2\/pages"}],"about":[{"href":"https:\/\/sergiobertoldi.com\/index.php\/wp-json\/wp\/v2\/types\/page"}],"author":[{"embeddable":true,"href":"https:\/\/sergiobertoldi.com\/index.php\/wp-json\/wp\/v2\/users\/2"}],"replies":[{"embeddable":true,"href":"https:\/\/sergiobertoldi.com\/index.php\/wp-json\/wp\/v2\/comments?post=34"}],"version-history":[{"count":15,"href":"https:\/\/sergiobertoldi.com\/index.php\/wp-json\/wp\/v2\/pages\/34\/revisions"}],"predecessor-version":[{"id":4946,"href":"https:\/\/sergiobertoldi.com\/index.php\/wp-json\/wp\/v2\/pages\/34\/revisions\/4946"}],"wp:attachment":[{"href":"https:\/\/sergiobertoldi.com\/index.php\/wp-json\/wp\/v2\/media?parent=34"}],"curies":[{"name":"wp","href":"https:\/\/api.w.org\/{rel}","templated":true}]}}